{"id":342,"date":"2021-02-24T23:06:31","date_gmt":"2021-02-24T22:06:31","guid":{"rendered":"https:\/\/campinglaforetdumorvan.com\/?page_id=342"},"modified":"2025-12-08T16:59:30","modified_gmt":"2025-12-08T15:59:30","slug":"huurtenten","status":"publish","type":"page","link":"https:\/\/campinglaforetdumorvan.com\/fr\/huurtenten\/","title":{"rendered":"Tentes \u00e0 louer"},"content":{"rendered":"<div data-elementor-type=\"wp-page\" data-elementor-id=\"342\" class=\"elementor elementor-342\" data-elementor-post-type=\"page\">\n\t\t\t\t\t\t<section class=\"elementor-section elementor-top-section elementor-element elementor-element-4eac008 elementor-section-boxed elementor-section-height-default elementor-section-height-default\" data-id=\"4eac008\" data-element_type=\"section\" data-e-type=\"section\" data-settings=\"{&quot;background_background&quot;:&quot;classic&quot;}\">\n\t\t\t\t\t\t<div class=\"elementor-container elementor-column-gap-default\">\n\t\t\t\t\t<div class=\"elementor-column elementor-col-100 elementor-top-column elementor-element elementor-element-55d8a43\" data-id=\"55d8a43\" data-element_type=\"column\" data-e-type=\"column\">\n\t\t\t<div class=\"elementor-widget-wrap elementor-element-populated\">\n\t\t\t\t\t\t<section class=\"elementor-section elementor-inner-section elementor-element elementor-element-4127124 elementor-section-boxed elementor-section-height-default elementor-section-height-default\" data-id=\"4127124\" data-element_type=\"section\" data-e-type=\"section\">\n\t\t\t\t\t\t<div class=\"elementor-container elementor-column-gap-default\">\n\t\t\t\t\t<div class=\"elementor-column elementor-col-50 elementor-inner-column elementor-element elementor-element-ed0dcd0\" data-id=\"ed0dcd0\" data-element_type=\"column\" data-e-type=\"column\">\n\t\t\t<div class=\"elementor-widget-wrap elementor-element-populated\">\n\t\t\t\t\t\t<div class=\"elementor-element elementor-element-ce756d0 elementor-widget elementor-widget-heading\" data-id=\"ce756d0\" data-element_type=\"widget\" data-e-type=\"widget\" data-widget_type=\"heading.default\">\n\t\t\t\t<div class=\"elementor-widget-container\">\n\t\t\t\t\t<h1 class=\"elementor-heading-title elementor-size-large\">Tentes \u00e0 louer<\/h1>\t\t\t\t<\/div>\n\t\t\t\t<\/div>\n\t\t\t\t<div class=\"elementor-element elementor-element-373a596 elementor-widget elementor-widget-text-editor\" data-id=\"373a596\" data-element_type=\"widget\" data-e-type=\"widget\" data-widget_type=\"text-editor.default\">\n\t\t\t\t<div class=\"elementor-widget-container\">\n\t\t\t\t\t\t\t\t\t<p class=\"style2 style43\">Nous proposons \u00e0 la location des tentes \u00e9quip\u00e9es.<\/p><p class=\"style2 style43\"><span style=\"font-size: 1rem;\">Chaque tente est pr\u00e9install\u00e9e et \u00e9quip\u00e9e pour l'h\u00e9bergement de cinq personnes. Il y a un parking pour une voiture et il est possible d'avoir une salle de bain personnelle.<\/span><\/p><p class=\"style2 style43\">Arriv\u00e9e apr\u00e8s 15h30, d\u00e9part avant 10h00.<\/p><p class=\"style2 style43\">Vous pourriez d\u00e9cider vous-m\u00eame du jour d'arriv\u00e9e et de partir.  Louer une tente est pour un minimum de 4 nuits.<\/p><p class=\"translation-block\">Au camping vous trouvez 14 tentes de Piramide. Ci-dessous vous trouvez les sp\u00e9cifications des tentes.<\/p>\t\t\t\t\t\t\t\t<\/div>\n\t\t\t\t<\/div>\n\t\t\t\t<div class=\"elementor-element elementor-element-006eb26 elementor-widget elementor-widget-spacer\" data-id=\"006eb26\" data-element_type=\"widget\" data-e-type=\"widget\" data-widget_type=\"spacer.default\">\n\t\t\t\t<div class=\"elementor-widget-container\">\n\t\t\t\t\t\t\t<div class=\"elementor-spacer\">\n\t\t\t<div class=\"elementor-spacer-inner\"><\/div>\n\t\t<\/div>\n\t\t\t\t\t\t<\/div>\n\t\t\t\t<\/div>\n\t\t\t\t<div class=\"elementor-element elementor-element-53ceb08 elementor-align-center elementor-widget elementor-widget-button\" data-id=\"53ceb08\" data-element_type=\"widget\" data-e-type=\"widget\" data-widget_type=\"button.default\">\n\t\t\t\t<div class=\"elementor-widget-container\">\n\t\t\t\t\t\t\t\t\t<div class=\"elementor-button-wrapper\">\n\t\t\t\t\t<a class=\"elementor-button elementor-button-link elementor-size-sm\" href=\"\/fr\/contact\/\">\n\t\t\t\t\t\t<span class=\"elementor-button-content-wrapper\">\n\t\t\t\t\t\t\t\t\t<span class=\"elementor-button-text\">Contactez-nous<\/span>\n\t\t\t\t\t<\/span>\n\t\t\t\t\t<\/a>\n\t\t\t\t<\/div>\n\t\t\t\t\t\t\t\t<\/div>\n\t\t\t\t<\/div>\n\t\t\t\t\t<\/div>\n\t\t<\/div>\n\t\t\t\t<div class=\"elementor-column elementor-col-50 elementor-inner-column elementor-element elementor-element-8f1336b\" data-id=\"8f1336b\" data-element_type=\"column\" data-e-type=\"column\">\n\t\t\t<div class=\"elementor-widget-wrap elementor-element-populated\">\n\t\t\t\t\t\t<div class=\"elementor-element elementor-element-c209c11 elementor-widget elementor-widget-image\" data-id=\"c209c11\" data-element_type=\"widget\" data-e-type=\"widget\" data-widget_type=\"image.default\">\n\t\t\t\t<div class=\"elementor-widget-container\">\n\t\t\t\t\t\t\t\t\t\t\t\t\t\t\t<img fetchpriority=\"high\" decoding=\"async\" width=\"465\" height=\"312\" src=\"https:\/\/campinglaforetdumorvan.com\/wp-content\/uploads\/2021\/02\/LaForet_Camping_01.jpg\" class=\"attachment-medium_large size-medium_large wp-image-158\" alt=\"\" srcset=\"https:\/\/campinglaforetdumorvan.com\/wp-content\/uploads\/2021\/02\/LaForet_Camping_01.jpg 465w, https:\/\/campinglaforetdumorvan.com\/wp-content\/uploads\/2021\/02\/LaForet_Camping_01-300x201.jpg 300w\" sizes=\"(max-width: 465px) 100vw, 465px\" \/>\t\t\t\t\t\t\t\t\t\t\t\t\t\t\t<\/div>\n\t\t\t\t<\/div>\n\t\t\t\t\t<\/div>\n\t\t<\/div>\n\t\t\t\t\t<\/div>\n\t\t<\/section>\n\t\t\t\t\t<\/div>\n\t\t<\/div>\n\t\t\t\t\t<\/div>\n\t\t<\/section>\n\t\t\t\t<section class=\"elementor-section elementor-top-section elementor-element elementor-element-90b0e56 elementor-section-boxed elementor-section-height-default elementor-section-height-default\" data-id=\"90b0e56\" data-element_type=\"section\" data-e-type=\"section\">\n\t\t\t\t\t\t<div class=\"elementor-container elementor-column-gap-default\">\n\t\t\t\t\t<div class=\"elementor-column elementor-col-33 elementor-top-column elementor-element elementor-element-5c783af\" data-id=\"5c783af\" data-element_type=\"column\" data-e-type=\"column\">\n\t\t\t<div class=\"elementor-widget-wrap elementor-element-populated\">\n\t\t\t\t\t\t<div class=\"elementor-element elementor-element-a3a4ab4 elementor-widget elementor-widget-image\" data-id=\"a3a4ab4\" data-element_type=\"widget\" data-e-type=\"widget\" data-widget_type=\"image.default\">\n\t\t\t\t<div class=\"elementor-widget-container\">\n\t\t\t\t\t\t\t\t\t\t\t\t\t\t\t<img decoding=\"async\" width=\"800\" height=\"600\" src=\"https:\/\/campinglaforetdumorvan.com\/wp-content\/uploads\/2023\/06\/IMG_20200731_105108.jpg\" class=\"attachment-large size-large wp-image-1531\" alt=\"\" srcset=\"https:\/\/campinglaforetdumorvan.com\/wp-content\/uploads\/2023\/06\/IMG_20200731_105108.jpg 1024w, https:\/\/campinglaforetdumorvan.com\/wp-content\/uploads\/2023\/06\/IMG_20200731_105108-300x225.jpg 300w, https:\/\/campinglaforetdumorvan.com\/wp-content\/uploads\/2023\/06\/IMG_20200731_105108-768x576.jpg 768w, https:\/\/campinglaforetdumorvan.com\/wp-content\/uploads\/2023\/06\/IMG_20200731_105108-16x12.jpg 16w\" sizes=\"(max-width: 800px) 100vw, 800px\" \/>\t\t\t\t\t\t\t\t\t\t\t\t\t\t\t<\/div>\n\t\t\t\t<\/div>\n\t\t\t\t\t<\/div>\n\t\t<\/div>\n\t\t\t\t<div class=\"elementor-column elementor-col-33 elementor-top-column elementor-element elementor-element-0cd648a\" data-id=\"0cd648a\" data-element_type=\"column\" data-e-type=\"column\">\n\t\t\t<div class=\"elementor-widget-wrap elementor-element-populated\">\n\t\t\t\t\t\t<div class=\"elementor-element elementor-element-1a59b63 elementor-widget elementor-widget-image\" data-id=\"1a59b63\" data-element_type=\"widget\" data-e-type=\"widget\" data-widget_type=\"image.default\">\n\t\t\t\t<div class=\"elementor-widget-container\">\n\t\t\t\t\t\t\t\t\t\t\t\t\t\t\t<img decoding=\"async\" width=\"800\" height=\"600\" src=\"https:\/\/campinglaforetdumorvan.com\/wp-content\/uploads\/2021\/02\/LaForet_Piramidetent.jpg\" class=\"attachment-large size-large wp-image-361\" alt=\"\" srcset=\"https:\/\/campinglaforetdumorvan.com\/wp-content\/uploads\/2021\/02\/LaForet_Piramidetent.jpg 922w, https:\/\/campinglaforetdumorvan.com\/wp-content\/uploads\/2021\/02\/LaForet_Piramidetent-300x225.jpg 300w, https:\/\/campinglaforetdumorvan.com\/wp-content\/uploads\/2021\/02\/LaForet_Piramidetent-768x576.jpg 768w\" sizes=\"(max-width: 800px) 100vw, 800px\" \/>\t\t\t\t\t\t\t\t\t\t\t\t\t\t\t<\/div>\n\t\t\t\t<\/div>\n\t\t\t\t\t<\/div>\n\t\t<\/div>\n\t\t\t\t<div class=\"elementor-column elementor-col-33 elementor-top-column elementor-element elementor-element-43c8d89\" data-id=\"43c8d89\" data-element_type=\"column\" data-e-type=\"column\">\n\t\t\t<div class=\"elementor-widget-wrap elementor-element-populated\">\n\t\t\t\t\t\t<div class=\"elementor-element elementor-element-8e0a582 elementor-icon-list--layout-traditional elementor-list-item-link-full_width elementor-widget elementor-widget-icon-list\" data-id=\"8e0a582\" data-element_type=\"widget\" data-e-type=\"widget\" data-widget_type=\"icon-list.default\">\n\t\t\t\t<div class=\"elementor-widget-container\">\n\t\t\t\t\t\t\t<ul class=\"elementor-icon-list-items\">\n\t\t\t\t\t\t\t<li class=\"elementor-icon-list-item\">\n\t\t\t\t\t\t\t\t\t\t\t<span class=\"elementor-icon-list-icon\">\n\t\t\t\t\t\t\t<i aria-hidden=\"true\" class=\"fas fa-check-circle\"><\/i>\t\t\t\t\t\t<\/span>\n\t\t\t\t\t\t\t\t\t\t<span class=\"elementor-icon-list-text\">Deux lits deux places<\/span>\n\t\t\t\t\t\t\t\t\t<\/li>\n\t\t\t\t\t\t\t\t<li class=\"elementor-icon-list-item\">\n\t\t\t\t\t\t\t\t\t\t\t<span class=\"elementor-icon-list-icon\">\n\t\t\t\t\t\t\t<i aria-hidden=\"true\" class=\"fas fa-check-circle\"><\/i>\t\t\t\t\t\t<\/span>\n\t\t\t\t\t\t\t\t\t\t<span class=\"elementor-icon-list-text\">Un lit une place<\/span>\n\t\t\t\t\t\t\t\t\t<\/li>\n\t\t\t\t\t\t\t\t<li class=\"elementor-icon-list-item\">\n\t\t\t\t\t\t\t\t\t\t\t<span class=\"elementor-icon-list-icon\">\n\t\t\t\t\t\t\t<i aria-hidden=\"true\" class=\"fas fa-check-circle\"><\/i>\t\t\t\t\t\t<\/span>\n\t\t\t\t\t\t\t\t\t\t<span class=\"elementor-icon-list-text\">Cinq chaises avec une table<\/span>\n\t\t\t\t\t\t\t\t\t<\/li>\n\t\t\t\t\t\t\t\t<li class=\"elementor-icon-list-item\">\n\t\t\t\t\t\t\t\t\t\t\t<span class=\"elementor-icon-list-icon\">\n\t\t\t\t\t\t\t<i aria-hidden=\"true\" class=\"fas fa-check-circle\"><\/i>\t\t\t\t\t\t<\/span>\n\t\t\t\t\t\t\t\t\t\t<span class=\"elementor-icon-list-text\">Deux chaises longues<\/span>\n\t\t\t\t\t\t\t\t\t<\/li>\n\t\t\t\t\t\t\t\t<li class=\"elementor-icon-list-item\">\n\t\t\t\t\t\t\t\t\t\t\t<span class=\"elementor-icon-list-icon\">\n\t\t\t\t\t\t\t<i aria-hidden=\"true\" class=\"fas fa-check-circle\"><\/i>\t\t\t\t\t\t<\/span>\n\t\t\t\t\t\t\t\t\t\t<span class=\"elementor-icon-list-text\">Lampes<\/span>\n\t\t\t\t\t\t\t\t\t<\/li>\n\t\t\t\t\t\t\t\t<li class=\"elementor-icon-list-item\">\n\t\t\t\t\t\t\t\t\t\t\t<span class=\"elementor-icon-list-icon\">\n\t\t\t\t\t\t\t<i aria-hidden=\"true\" class=\"fas fa-check-circle\"><\/i>\t\t\t\t\t\t<\/span>\n\t\t\t\t\t\t\t\t\t\t<span class=\"elementor-icon-list-text\">Gazini\u00e8re (Butagas)<\/span>\n\t\t\t\t\t\t\t\t\t<\/li>\n\t\t\t\t\t\t\t\t<li class=\"elementor-icon-list-item\">\n\t\t\t\t\t\t\t\t\t\t\t<span class=\"elementor-icon-list-icon\">\n\t\t\t\t\t\t\t<i aria-hidden=\"true\" class=\"fas fa-check-circle\"><\/i>\t\t\t\t\t\t<\/span>\n\t\t\t\t\t\t\t\t\t\t<span class=\"elementor-icon-list-text\">Frigidaire<\/span>\n\t\t\t\t\t\t\t\t\t<\/li>\n\t\t\t\t\t\t\t\t<li class=\"elementor-icon-list-item\">\n\t\t\t\t\t\t\t\t\t\t\t<span class=\"elementor-icon-list-icon\">\n\t\t\t\t\t\t\t<i aria-hidden=\"true\" class=\"fas fa-check-circle\"><\/i>\t\t\t\t\t\t<\/span>\n\t\t\t\t\t\t\t\t\t\t<span class=\"elementor-icon-list-text\">Vaissaile<\/span>\n\t\t\t\t\t\t\t\t\t<\/li>\n\t\t\t\t\t\t\t\t<li class=\"elementor-icon-list-item\">\n\t\t\t\t\t\t\t\t\t\t\t<span class=\"elementor-icon-list-icon\">\n\t\t\t\t\t\t\t<i aria-hidden=\"true\" class=\"fas fa-check-circle\"><\/i>\t\t\t\t\t\t<\/span>\n\t\t\t\t\t\t\t\t\t\t<span class=\"elementor-icon-list-text\">Ustensiles de cuisine<\/span>\n\t\t\t\t\t\t\t\t\t<\/li>\n\t\t\t\t\t\t\t\t<li class=\"elementor-icon-list-item\">\n\t\t\t\t\t\t\t\t\t\t\t<span class=\"elementor-icon-list-icon\">\n\t\t\t\t\t\t\t<i aria-hidden=\"true\" class=\"fas fa-check-circle\"><\/i>\t\t\t\t\t\t<\/span>\n\t\t\t\t\t\t\t\t\t\t<span class=\"elementor-icon-list-text\">Thermos, cafeti\u00e8re \u00e0 filtres, th\u00e9i\u00e8re<\/span>\n\t\t\t\t\t\t\t\t\t<\/li>\n\t\t\t\t\t\t\t\t<li class=\"elementor-icon-list-item\">\n\t\t\t\t\t\t\t\t\t\t\t<span class=\"elementor-icon-list-icon\">\n\t\t\t\t\t\t\t<i aria-hidden=\"true\" class=\"fas fa-check-circle\"><\/i>\t\t\t\t\t\t<\/span>\n\t\t\t\t\t\t\t\t\t\t<span class=\"elementor-icon-list-text\">Jerrycan, seau, balais<\/span>\n\t\t\t\t\t\t\t\t\t<\/li>\n\t\t\t\t\t\t<\/ul>\n\t\t\t\t\t\t<\/div>\n\t\t\t\t<\/div>\n\t\t\t\t\t<\/div>\n\t\t<\/div>\n\t\t\t\t\t<\/div>\n\t\t<\/section>\n\t\t\t\t<\/div>","protected":false},"excerpt":{"rendered":"<p>Huurtenten Op onze camping hebben we naast campingplaatsen ook ingerichte tenten die gehuurd kunnen worden. Iedere tent is volledig ingericht voor 5 personen en heeft (indien gewenst) eigen sanitaire voorzieningen en een parkeerplaats voor \u00e9\u00e9n auto. Aankomst na 15:30 uur, vertrek voor 10:00 uur (afwijking mogelijk in overleg). Wij hanteren geen vaste wisseldag. U kunt [&hellip;]<\/p>\n","protected":false},"author":1,"featured_media":0,"parent":0,"menu_order":0,"comment_status":"closed","ping_status":"closed","template":"elementor_header_footer","meta":{"footnotes":""},"class_list":["post-342","page","type-page","status-publish","hentry"],"yoast_head":"<!-- This site is optimized with the Yoast SEO plugin v26.5 - https:\/\/yoast.com\/wordpress\/plugins\/seo\/ -->\n<title>Huurtenten - Camping La For\u00eat du Morvan<\/title>\n<meta name=\"robots\" content=\"index, follow, max-snippet:-1, max-image-preview:large, max-video-preview:-1\" \/>\n<link rel=\"canonical\" href=\"https:\/\/campinglaforetdumorvan.com\/fr\/huurtenten\/\" \/>\n<meta property=\"og:locale\" content=\"fr_FR\" \/>\n<meta property=\"og:type\" content=\"article\" \/>\n<meta property=\"og:title\" content=\"Huurtenten - Camping La For\u00eat du Morvan\" \/>\n<meta property=\"og:description\" content=\"Huurtenten Op onze camping hebben we naast campingplaatsen ook ingerichte tenten die gehuurd kunnen worden. Iedere tent is volledig ingericht voor 5 personen en heeft (indien gewenst) eigen sanitaire voorzieningen en een parkeerplaats voor \u00e9\u00e9n auto. Aankomst na 15:30 uur, vertrek voor 10:00 uur (afwijking mogelijk in overleg). Wij hanteren geen vaste wisseldag. U kunt [&hellip;]\" \/>\n<meta property=\"og:url\" content=\"https:\/\/campinglaforetdumorvan.com\/fr\/huurtenten\/\" \/>\n<meta property=\"og:site_name\" content=\"Camping La For\u00eat du Morvan\" \/>\n<meta property=\"article:modified_time\" content=\"2025-12-08T15:59:30+00:00\" \/>\n<meta property=\"og:image\" content=\"https:\/\/campinglaforetdumorvan.com\/wp-content\/uploads\/2021\/02\/LaForet_Camping_01.jpg\" \/>\n<meta name=\"twitter:card\" content=\"summary_large_image\" \/>\n<meta name=\"twitter:label1\" content=\"Dur\u00e9e de lecture estim\u00e9e\" \/>\n\t<meta name=\"twitter:data1\" content=\"2 minutes\" \/>\n<script type=\"application\/ld+json\" class=\"yoast-schema-graph\">{\"@context\":\"https:\/\/schema.org\",\"@graph\":[{\"@type\":\"WebPage\",\"@id\":\"https:\/\/campinglaforetdumorvan.com\/huurtenten\/\",\"url\":\"https:\/\/campinglaforetdumorvan.com\/huurtenten\/\",\"name\":\"Huurtenten - Camping La For\u00eat du Morvan\",\"isPartOf\":{\"@id\":\"https:\/\/campinglaforetdumorvan.com\/#website\"},\"primaryImageOfPage\":{\"@id\":\"https:\/\/campinglaforetdumorvan.com\/huurtenten\/#primaryimage\"},\"image\":{\"@id\":\"https:\/\/campinglaforetdumorvan.com\/huurtenten\/#primaryimage\"},\"thumbnailUrl\":\"https:\/\/campinglaforetdumorvan.com\/wp-content\/uploads\/2021\/02\/LaForet_Camping_01.jpg\",\"datePublished\":\"2021-02-24T22:06:31+00:00\",\"dateModified\":\"2025-12-08T15:59:30+00:00\",\"breadcrumb\":{\"@id\":\"https:\/\/campinglaforetdumorvan.com\/huurtenten\/#breadcrumb\"},\"inLanguage\":\"fr-FR\",\"potentialAction\":[{\"@type\":\"ReadAction\",\"target\":[\"https:\/\/campinglaforetdumorvan.com\/huurtenten\/\"]}]},{\"@type\":\"ImageObject\",\"inLanguage\":\"fr-FR\",\"@id\":\"https:\/\/campinglaforetdumorvan.com\/huurtenten\/#primaryimage\",\"url\":\"https:\/\/campinglaforetdumorvan.com\/wp-content\/uploads\/2021\/02\/LaForet_Camping_01.jpg\",\"contentUrl\":\"https:\/\/campinglaforetdumorvan.com\/wp-content\/uploads\/2021\/02\/LaForet_Camping_01.jpg\"},{\"@type\":\"BreadcrumbList\",\"@id\":\"https:\/\/campinglaforetdumorvan.com\/huurtenten\/#breadcrumb\",\"itemListElement\":[{\"@type\":\"ListItem\",\"position\":1,\"name\":\"Home\",\"item\":\"https:\/\/campinglaforetdumorvan.com\/\"},{\"@type\":\"ListItem\",\"position\":2,\"name\":\"Huurtenten\"}]},{\"@type\":\"WebSite\",\"@id\":\"https:\/\/campinglaforetdumorvan.com\/#website\",\"url\":\"https:\/\/campinglaforetdumorvan.com\/\",\"name\":\"Camping La For\u00eat du Morvan\",\"description\":\"Dans le sud de la Bourgogne\",\"publisher\":{\"@id\":\"https:\/\/campinglaforetdumorvan.com\/#organization\"},\"potentialAction\":[{\"@type\":\"SearchAction\",\"target\":{\"@type\":\"EntryPoint\",\"urlTemplate\":\"https:\/\/campinglaforetdumorvan.com\/?s={search_term_string}\"},\"query-input\":{\"@type\":\"PropertyValueSpecification\",\"valueRequired\":true,\"valueName\":\"search_term_string\"}}],\"inLanguage\":\"fr-FR\"},{\"@type\":\"Organization\",\"@id\":\"https:\/\/campinglaforetdumorvan.com\/#organization\",\"name\":\"Camping La For\u00eat du Morvan\",\"url\":\"https:\/\/campinglaforetdumorvan.com\/\",\"logo\":{\"@type\":\"ImageObject\",\"inLanguage\":\"fr-FR\",\"@id\":\"https:\/\/campinglaforetdumorvan.com\/#\/schema\/logo\/image\/\",\"url\":\"https:\/\/campinglaforetdumorvan.com\/wp-content\/uploads\/2021\/02\/Untitled-design-2022-12-29T114642.840.png\",\"contentUrl\":\"https:\/\/campinglaforetdumorvan.com\/wp-content\/uploads\/2021\/02\/Untitled-design-2022-12-29T114642.840.png\",\"width\":300,\"height\":300,\"caption\":\"Camping La For\u00eat du Morvan\"},\"image\":{\"@id\":\"https:\/\/campinglaforetdumorvan.com\/#\/schema\/logo\/image\/\"}}]}<\/script>\n<!-- \/ Yoast SEO plugin. -->","yoast_head_json":{"title":"Huurtenten - Camping La For\u00eat du Morvan","robots":{"index":"index","follow":"follow","max-snippet":"max-snippet:-1","max-image-preview":"max-image-preview:large","max-video-preview":"max-video-preview:-1"},"canonical":"https:\/\/campinglaforetdumorvan.com\/fr\/huurtenten\/","og_locale":"fr_FR","og_type":"article","og_title":"Huurtenten - Camping La For\u00eat du Morvan","og_description":"Huurtenten Op onze camping hebben we naast campingplaatsen ook ingerichte tenten die gehuurd kunnen worden. Iedere tent is volledig ingericht voor 5 personen en heeft (indien gewenst) eigen sanitaire voorzieningen en een parkeerplaats voor \u00e9\u00e9n auto. Aankomst na 15:30 uur, vertrek voor 10:00 uur (afwijking mogelijk in overleg). Wij hanteren geen vaste wisseldag. U kunt [&hellip;]","og_url":"https:\/\/campinglaforetdumorvan.com\/fr\/huurtenten\/","og_site_name":"Camping La For\u00eat du Morvan","article_modified_time":"2025-12-08T15:59:30+00:00","og_image":[{"url":"https:\/\/campinglaforetdumorvan.com\/wp-content\/uploads\/2021\/02\/LaForet_Camping_01.jpg","type":"","width":"","height":""}],"twitter_card":"summary_large_image","twitter_misc":{"Dur\u00e9e de lecture estim\u00e9e":"2 minutes"},"schema":{"@context":"https:\/\/schema.org","@graph":[{"@type":"WebPage","@id":"https:\/\/campinglaforetdumorvan.com\/huurtenten\/","url":"https:\/\/campinglaforetdumorvan.com\/huurtenten\/","name":"Huurtenten - Camping La For\u00eat du Morvan","isPartOf":{"@id":"https:\/\/campinglaforetdumorvan.com\/#website"},"primaryImageOfPage":{"@id":"https:\/\/campinglaforetdumorvan.com\/huurtenten\/#primaryimage"},"image":{"@id":"https:\/\/campinglaforetdumorvan.com\/huurtenten\/#primaryimage"},"thumbnailUrl":"https:\/\/campinglaforetdumorvan.com\/wp-content\/uploads\/2021\/02\/LaForet_Camping_01.jpg","datePublished":"2021-02-24T22:06:31+00:00","dateModified":"2025-12-08T15:59:30+00:00","breadcrumb":{"@id":"https:\/\/campinglaforetdumorvan.com\/huurtenten\/#breadcrumb"},"inLanguage":"fr-FR","potentialAction":[{"@type":"ReadAction","target":["https:\/\/campinglaforetdumorvan.com\/huurtenten\/"]}]},{"@type":"ImageObject","inLanguage":"fr-FR","@id":"https:\/\/campinglaforetdumorvan.com\/huurtenten\/#primaryimage","url":"https:\/\/campinglaforetdumorvan.com\/wp-content\/uploads\/2021\/02\/LaForet_Camping_01.jpg","contentUrl":"https:\/\/campinglaforetdumorvan.com\/wp-content\/uploads\/2021\/02\/LaForet_Camping_01.jpg"},{"@type":"BreadcrumbList","@id":"https:\/\/campinglaforetdumorvan.com\/huurtenten\/#breadcrumb","itemListElement":[{"@type":"ListItem","position":1,"name":"Home","item":"https:\/\/campinglaforetdumorvan.com\/"},{"@type":"ListItem","position":2,"name":"Huurtenten"}]},{"@type":"WebSite","@id":"https:\/\/campinglaforetdumorvan.com\/#website","url":"https:\/\/campinglaforetdumorvan.com\/","name":"Camping La For\u00eat du Morvan","description":"Dans le sud de la Bourgogne","publisher":{"@id":"https:\/\/campinglaforetdumorvan.com\/#organization"},"potentialAction":[{"@type":"SearchAction","target":{"@type":"EntryPoint","urlTemplate":"https:\/\/campinglaforetdumorvan.com\/?s={search_term_string}"},"query-input":{"@type":"PropertyValueSpecification","valueRequired":true,"valueName":"search_term_string"}}],"inLanguage":"fr-FR"},{"@type":"Organization","@id":"https:\/\/campinglaforetdumorvan.com\/#organization","name":"Camping La For\u00eat du Morvan","url":"https:\/\/campinglaforetdumorvan.com\/","logo":{"@type":"ImageObject","inLanguage":"fr-FR","@id":"https:\/\/campinglaforetdumorvan.com\/#\/schema\/logo\/image\/","url":"https:\/\/campinglaforetdumorvan.com\/wp-content\/uploads\/2021\/02\/Untitled-design-2022-12-29T114642.840.png","contentUrl":"https:\/\/campinglaforetdumorvan.com\/wp-content\/uploads\/2021\/02\/Untitled-design-2022-12-29T114642.840.png","width":300,"height":300,"caption":"Camping La For\u00eat du Morvan"},"image":{"@id":"https:\/\/campinglaforetdumorvan.com\/#\/schema\/logo\/image\/"}}]}},"_links":{"self":[{"href":"https:\/\/campinglaforetdumorvan.com\/fr\/wp-json\/wp\/v2\/pages\/342","targetHints":{"allow":["GET"]}}],"collection":[{"href":"https:\/\/campinglaforetdumorvan.com\/fr\/wp-json\/wp\/v2\/pages"}],"about":[{"href":"https:\/\/campinglaforetdumorvan.com\/fr\/wp-json\/wp\/v2\/types\/page"}],"author":[{"embeddable":true,"href":"https:\/\/campinglaforetdumorvan.com\/fr\/wp-json\/wp\/v2\/users\/1"}],"replies":[{"embeddable":true,"href":"https:\/\/campinglaforetdumorvan.com\/fr\/wp-json\/wp\/v2\/comments?post=342"}],"version-history":[{"count":68,"href":"https:\/\/campinglaforetdumorvan.com\/fr\/wp-json\/wp\/v2\/pages\/342\/revisions"}],"predecessor-version":[{"id":2473,"href":"https:\/\/campinglaforetdumorvan.com\/fr\/wp-json\/wp\/v2\/pages\/342\/revisions\/2473"}],"wp:attachment":[{"href":"https:\/\/campinglaforetdumorvan.com\/fr\/wp-json\/wp\/v2\/media?parent=342"}],"curies":[{"name":"wp","href":"https:\/\/api.w.org\/{rel}","templated":true}]}}